{"id":572,"date":"2021-04-02T00:29:10","date_gmt":"2021-04-02T00:29:10","guid":{"rendered":"https:\/\/formations.etoiledemere.ca\/?page_id=572"},"modified":"2021-04-02T00:35:43","modified_gmt":"2021-04-02T00:35:43","slug":"mission","status":"publish","type":"page","link":"https:\/\/formations.etoiledemere.ca\/en\/mission\/","title":{"rendered":"Mission"},"content":{"rendered":"<p>[et_pb_section fb_built=&#8221;1&#8243; admin_label=&#8221;Header&#8221; _builder_version=&#8221;4.5.1&#8243; _module_preset=&#8221;default&#8221;][et_pb_row _builder_version=&#8221;4.5.1&#8243; _module_preset=&#8221;default&#8221; custom_padding=&#8221;0px||0px||true|false&#8221;][et_pb_column type=&#8221;4_4&#8243; _builder_version=&#8221;4.5.1&#8243; _module_preset=&#8221;default&#8221;][et_pb_text _builder_version=&#8221;4.5.1&#8243; _module_preset=&#8221;default&#8221; header_font=&#8221;Alata||||||||&#8221; header_font_size=&#8221;100px&#8221; header_line_height=&#8221;1.2em&#8221; text_orientation=&#8221;center&#8221; header_font_size_tablet=&#8221;60px&#8221; header_font_size_phone=&#8221;40px&#8221; header_font_size_last_edited=&#8221;on|phone&#8221;]<\/p>\n<h1>Notre mission<\/h1>\n<p>[\/et_pb_text][\/et_pb_column][\/et_pb_row][\/et_pb_section][et_pb_section fb_built=&#8221;1&#8243; admin_label=&#8221;About&#8221; _builder_version=&#8221;4.5.1&#8243; _module_preset=&#8221;default&#8221;][et_pb_row _builder_version=&#8221;4.5.1&#8243; background_color=&#8221;#f9e0a4&#8243;][et_pb_column type=&#8221;4_4&#8243; _builder_version=&#8221;3.25.1&#8243;][et_pb_slider dot_nav_custom_color=&#8221;#000000&#8243; _builder_version=&#8221;4.5.1&#8243; _module_preset=&#8221;default&#8221; background_color=&#8221;rgba(0,0,0,0)&#8221; custom_margin=&#8221;|||||true&#8221; custom_padding=&#8221;0px||70px||false|false&#8221; auto=&#8221;on&#8221; auto_speed=&#8221;4000&#8243;][et_pb_slide _builder_version=&#8221;4.5.1&#8243; _module_preset=&#8221;default&#8221; header_level=&#8221;h1&#8243; body_font=&#8221;Alata||||||||&#8221; body_font_size=&#8221;40px&#8221; body_line_height=&#8221;1.4em&#8221; background_enable_color=&#8221;off&#8221; background_layout=&#8221;light&#8221; body_font_size_tablet=&#8221;30px&#8221; body_font_size_phone=&#8221;24px&#8221; body_font_size_last_edited=&#8221;on|phone&#8221;]<\/p>\n<p>Notre philosophie :<\/p>\n<p>\u00c9couter et informer<br \/>Respecter et entourer<\/p>\n<p>[\/et_pb_slide][et_pb_slide _builder_version=&#8221;4.5.0&#8243; _module_preset=&#8221;default&#8221; header_level=&#8221;h1&#8243; body_font=&#8221;Alata||||||||&#8221; body_font_size=&#8221;40px&#8221; body_line_height=&#8221;1.4em&#8221; background_enable_color=&#8221;off&#8221; background_layout=&#8221;light&#8221; body_font_size_tablet=&#8221;30px&#8221; body_font_size_phone=&#8221;24px&#8221; body_font_size_last_edited=&#8221;on|phone&#8221;]<\/p>\n<p>Services offerts en fran\u00e7ais,<br \/>en anglais ou bilingues<\/p>\n<p>[\/et_pb_slide][et_pb_slide _builder_version=&#8221;4.5.0&#8243; _module_preset=&#8221;default&#8221; header_level=&#8221;h1&#8243; body_font=&#8221;Alata||||||||&#8221; body_font_size=&#8221;40px&#8221; body_line_height=&#8221;1.4em&#8221; background_enable_color=&#8221;off&#8221; background_layout=&#8221;light&#8221; body_font_size_tablet=&#8221;30px&#8221; body_font_size_phone=&#8221;24px&#8221; body_font_size_last_edited=&#8221;on|phone&#8221;]<\/p>\n<p>Nos accompagnantes sont form\u00e9es, membre de l&#8217;Association Qu\u00e9b\u00e9coise des Accompagnantes \u00e0 la naissance et li\u00e9es \u00e0 son code d&#8217;\u00e9thique.<\/p>\n<p>[\/et_pb_slide][\/et_pb_slider][\/et_pb_column][\/et_pb_row][et_pb_row _builder_version=&#8221;4.5.1&#8243; _module_preset=&#8221;default&#8221;][et_pb_column type=&#8221;4_4&#8243; _builder_version=&#8221;4.5.1&#8243; _module_preset=&#8221;default&#8221;][et_pb_video src=&#8221;https:\/\/www.youtube.com\/watch?v=FkQuawiGWUw&#8221; image_src=&#8221;http:\/\/formations.etoiledemere.ca\/wp-content\/uploads\/2021\/01\/cooking-12.jpg&#8221; thumbnail_overlay_color=&#8221;rgba(0,0,0,0.6)&#8221; _builder_version=&#8221;4.5.1&#8243; _module_preset=&#8221;default&#8221; locked=&#8221;off&#8221;][\/et_pb_video][\/et_pb_column][\/et_pb_row][et_pb_row column_structure=&#8221;1_4,3_4&#8243; _builder_version=&#8221;4.5.1&#8243; _module_preset=&#8221;default&#8221;][et_pb_column type=&#8221;1_4&#8243; _builder_version=&#8221;4.5.1&#8243; _module_preset=&#8221;default&#8221;][et_pb_text _builder_version=&#8221;4.5.1&#8243; header_2_font=&#8221;Alata||||||||&#8221; header_2_font_size=&#8221;60px&#8221; header_2_line_height=&#8221;1.2em&#8221; header_2_font_size_tablet=&#8221;40px&#8221; header_2_font_size_phone=&#8221;30px&#8221; header_2_font_size_last_edited=&#8221;on|phone&#8221; locked=&#8221;off&#8221;]<\/p>\n<h2>Notre mission<\/h2>\n<p>[\/et_pb_text][\/et_pb_column][et_pb_column type=&#8221;3_4&#8243; _builder_version=&#8221;4.5.1&#8243; _module_preset=&#8221;default&#8221;][et_pb_text _builder_version=&#8221;4.5.1&#8243; text_font_size=&#8221;16px&#8221; text_line_height=&#8221;2em&#8221; width=&#8221;100%&#8221; custom_padding=&#8221;|||0px||&#8221; text_font_size_tablet=&#8221;14px&#8221; text_font_size_phone=&#8221;&#8221; text_font_size_last_edited=&#8221;on|phone&#8221; locked=&#8221;off&#8221;]<\/p>\n<p><span style=\"font-size: 16px;\">L&#8217;\u00c9toile de m\u00e8re se sp\u00e9cialise en accompagnement \u00e0 la naissance, en \u00e9ducation p\u00e9rinatale et accompagnement aux grandes \u00e9tapes de la vie. Nos valeurs s&#8217;inscrivent dans le mouvement d&#8217;humanisation des naissances et nos services visent \u00e0 redonner aux femmes et aux couples, la confiance en leur capacit\u00e9 de faire na\u00eetre leur enfant. Nous offrons l&#8217;accompagnement aux grandes \u00e9tapes de la vie dans une optique d&#8217;empuissancement (&#8220;empowerement&#8221;) des individus et en pleine confiance en leurs capacit\u00e9s individuelles. Dans le respect de leurs choix et de leur unicit\u00e9, l&#8217;\u00c9toile de m\u00e8re informe, \u00e9coute et entoure les moments uniques que sont la grossesse, l&#8217;accouchement, l&#8217;allaitement, la p\u00e9riode postnatale, la parentalit\u00e9 et les passages aux \u00e9tapes importantes de la vie.<\/span><\/p>\n<p>[\/et_pb_text][\/et_pb_column][\/et_pb_row][\/et_pb_section]<\/p>\n","protected":false},"excerpt":{"rendered":"<p>[et_pb_section fb_built=&#8221;1&#8243; admin_label=&#8221;Header&#8221; _builder_version=&#8221;4.5.1&#8243; _module_preset=&#8221;default&#8221;][et_pb_row _builder_version=&#8221;4.5.1&#8243; _module_preset=&#8221;default&#8221; custom_padding=&#8221;0px||0px||true|false&#8221;][et_pb_column type=&#8221;4_4&#8243; _builder_version=&#8221;4.5.1&#8243; _module_preset=&#8221;default&#8221;][et_pb_text _builder_version=&#8221;4.5.1&#8243; _module_preset=&#8221;default&#8221; header_font=&#8221;Alata||||||||&#8221; header_font_size=&#8221;100px&#8221; header_line_height=&#8221;1.2em&#8221; text_orientation=&#8221;center&#8221; header_font_size_tablet=&#8221;60px&#8221; header_font_size_phone=&#8221;40px&#8221; header_font_size_last_edited=&#8221;on|phone&#8221;] Notre mission [\/et_pb_text][\/et_pb_column][\/et_pb_row][\/et_pb_section][et_pb_section fb_built=&#8221;1&#8243; admin_label=&#8221;About&#8221; _builder_version=&#8221;4.5.1&#8243; _module_preset=&#8221;default&#8221;][et_pb_row _builder_version=&#8221;4.5.1&#8243; background_color=&#8221;#f9e0a4&#8243;][et_pb_column type=&#8221;4_4&#8243; _builder_version=&#8221;3.25.1&#8243;][et_pb_slider dot_nav_custom_color=&#8221;#000000&#8243; _builder_version=&#8221;4.5.1&#8243; _module_preset=&#8221;default&#8221; background_color=&#8221;rgba(0,0,0,0)&#8221; custom_margin=&#8221;|||||true&#8221; custom_padding=&#8221;0px||70px||false|false&#8221; auto=&#8221;on&#8221; auto_speed=&#8221;4000&#8243;][et_pb_slide _builder_version=&#8221;4.5.1&#8243; _module_preset=&#8221;default&#8221; header_level=&#8221;h1&#8243; body_font=&#8221;Alata||||||||&#8221; body_font_size=&#8221;40px&#8221; body_line_height=&#8221;1.4em&#8221; background_enable_color=&#8221;off&#8221; background_layout=&#8221;light&#8221; body_font_size_tablet=&#8221;30px&#8221; body_font_size_phone=&#8221;24px&#8221; body_font_size_last_edited=&#8221;on|phone&#8221;] Notre philosophie : \u00c9couter et [&hellip;]<\/p>\n","protected":false},"author":1,"featured_media":0,"parent":0,"menu_order":0,"comment_status":"closed","ping_status":"closed","template":"","meta":{"_et_pb_use_builder":"on","_et_pb_old_content":"","_et_gb_content_width":"","footnotes":""},"class_list":["post-572","page","type-page","status-publish","hentry"],"_links":{"self":[{"href":"https:\/\/formations.etoiledemere.ca\/en\/wp-json\/wp\/v2\/pages\/572","targetHints":{"allow":["GET"]}}],"collection":[{"href":"https:\/\/formations.etoiledemere.ca\/en\/wp-json\/wp\/v2\/pages"}],"about":[{"href":"https:\/\/formations.etoiledemere.ca\/en\/wp-json\/wp\/v2\/types\/page"}],"author":[{"embeddable":true,"href":"https:\/\/formations.etoiledemere.ca\/en\/wp-json\/wp\/v2\/users\/1"}],"replies":[{"embeddable":true,"href":"https:\/\/formations.etoiledemere.ca\/en\/wp-json\/wp\/v2\/comments?post=572"}],"version-history":[{"count":3,"href":"https:\/\/formations.etoiledemere.ca\/en\/wp-json\/wp\/v2\/pages\/572\/revisions"}],"predecessor-version":[{"id":575,"href":"https:\/\/formations.etoiledemere.ca\/en\/wp-json\/wp\/v2\/pages\/572\/revisions\/575"}],"wp:attachment":[{"href":"https:\/\/formations.etoiledemere.ca\/en\/wp-json\/wp\/v2\/media?parent=572"}],"curies":[{"name":"wp","href":"https:\/\/api.w.org\/{rel}","templated":true}]}}